{"id":3,"date":"2025-05-04T17:45:39","date_gmt":"2025-05-04T17:45:39","guid":{"rendered":"https:\/\/www.boholbesttours.com\/?page_id=3"},"modified":"2025-05-05T08:07:06","modified_gmt":"2025-05-05T08:07:06","slug":"privacy-policy","status":"publish","type":"page","link":"https:\/\/www.boholbesttours.com\/sv\/integritetspolicy\/","title":{"rendered":"Integritetspolicy"},"content":{"rendered":"<p><strong>Vilken information samlar vi in?<\/strong><\/p>\n<p>Vi samlar in information fr\u00e5n dig n\u00e4r du g\u00f6r en best\u00e4llning eller fyller i ett formul\u00e4r.<\/p>\n<p>N\u00e4r du best\u00e4ller eller registrerar dig p\u00e5 v\u00e5r webbplats kan du bli ombedd att ange ditt namn, din e-postadress eller ditt telefonnummer. Du kan dock bes\u00f6ka v\u00e5r webbplats anonymt.<\/p>\n<p><strong>Vad anv\u00e4nder vi din information till?<\/strong><\/p>\n<p>All information som vi samlar in fr\u00e5n dig kan anv\u00e4ndas p\u00e5 n\u00e5got av f\u00f6ljande s\u00e4tt:<\/p>\n<p>- F\u00f6r att anpassa din upplevelse<br \/>\n(din information hj\u00e4lper oss att b\u00e4ttre svara p\u00e5 dina individuella behov)<\/p>\n<p>- F\u00f6r att f\u00f6rb\u00e4ttra v\u00e5r webbplats<br \/>\n(vi str\u00e4var st\u00e4ndigt efter att f\u00f6rb\u00e4ttra v\u00e5rt webbplatsutbud baserat p\u00e5 den information och feedback vi f\u00e5r fr\u00e5n dig)<\/p>\n<p>- F\u00f6r att f\u00f6rb\u00e4ttra kundservicen<br \/>\n(din information hj\u00e4lper oss att p\u00e5 ett mer effektivt s\u00e4tt svara p\u00e5 dina kundtj\u00e4nstf\u00f6rfr\u00e5gningar och supportbehov)<\/p>\n<p>- F\u00f6r att behandla transaktioner<\/p>\n<blockquote><p>Din information, oavsett om den \u00e4r offentlig eller privat, kommer inte att s\u00e4ljas, bytas ut, \u00f6verf\u00f6ras eller ges till n\u00e5got annat f\u00f6retag av n\u00e5gon som helst anledning, utan ditt samtycke, annat \u00e4n i det uttryckliga syftet att leverera den k\u00f6pta produkten eller den beg\u00e4rda tj\u00e4nsten.<\/p><\/blockquote>\n<p>- F\u00f6r att administrera en t\u00e4vling, kampanj, unders\u00f6kning eller annan webbplatsfunktion<\/p>\n<p><strong>Hur skyddar vi din information?<\/strong><\/p>\n<p>Vi genomf\u00f6r en rad olika s\u00e4kerhets\u00e5tg\u00e4rder f\u00f6r att uppr\u00e4tth\u00e5lla s\u00e4kerheten f\u00f6r dina personuppgifter n\u00e4r du f\u00e5r tillg\u00e5ng till dina personuppgifter.<\/p>\n<p>Efter en transaktion kommer din privata information (kreditkort, personnummer, finansiella uppgifter etc.) inte att lagras p\u00e5 v\u00e5ra servrar.<\/p>\n<p><strong>Anv\u00e4nder vi cookies?<\/strong><\/p>\n<p>Vi anv\u00e4nder inte cookies.<\/p>\n<p><strong>L\u00e4mnar vi ut n\u00e5gon information till utomst\u00e5ende parter?<\/strong><\/p>\n<p>Vi s\u00e4ljer, byter eller p\u00e5 annat s\u00e4tt \u00f6verf\u00f6r inte din personligt identifierbara information till utomst\u00e5ende parter. Detta inkluderar inte betrodda tredje parter som hj\u00e4lper oss att driva v\u00e5r webbplats, bedriva v\u00e5r verksamhet eller betj\u00e4na dig, s\u00e5 l\u00e4nge dessa parter samtycker till att h\u00e5lla denna information konfidentiell. Vi kan ocks\u00e5 l\u00e4mna ut din information n\u00e4r vi anser att det \u00e4r l\u00e4mpligt f\u00f6r att f\u00f6lja lagen, genomdriva v\u00e5r webbplats policy eller skydda v\u00e5ra eller andras r\u00e4ttigheter, egendom eller s\u00e4kerhet. Icke-personligt identifierbar information om bes\u00f6kare kan dock l\u00e4mnas till andra parter f\u00f6r marknadsf\u00f6ring, reklam eller annan anv\u00e4ndning.<\/p>\n<p><strong>Efterlevnad av California Online Privacy Protection Act<\/strong><\/p>\n<p>Eftersom vi v\u00e4rdes\u00e4tter din integritet har vi vidtagit n\u00f6dv\u00e4ndiga f\u00f6rsiktighets\u00e5tg\u00e4rder f\u00f6r att f\u00f6lja California Online Privacy Protection Act. Vi kommer d\u00e4rf\u00f6r inte att distribuera din personliga information till utomst\u00e5ende parter utan ditt medgivande.<\/p>\n<p><strong>Efterlevnad av lagen om skydd f\u00f6r barns integritet p\u00e5 n\u00e4tet<\/strong><\/p>\n<p>Vi f\u00f6ljer kraven i COPPA (Children Online Privacy Protection Act) och vi samlar inte in n\u00e5gon information fr\u00e5n personer under 13 \u00e5r. V\u00e5r webbplats, v\u00e5ra produkter och tj\u00e4nster \u00e4r alla riktade till personer som \u00e4r minst 13 \u00e5r eller \u00e4ldre.<\/p>\n<p><strong>Endast integritetspolicy online<\/strong><\/p>\n<p>Denna integritetspolicy online g\u00e4ller endast f\u00f6r information som samlas in via v\u00e5r webbplats och inte f\u00f6r information som samlas in offline.<\/p>\n<p><strong>Villkor och anvisningar<\/strong><\/p>\n<p>Bes\u00f6k \u00e4ven avsnittet Villkor och best\u00e4mmelser som fastst\u00e4ller anv\u00e4ndning, friskrivningsklausuler och ansvarsbegr\u00e4nsningar som g\u00e4ller f\u00f6r anv\u00e4ndningen av v\u00e5r webbplats p\u00e5\u00a0<a href=\"https:\/\/www.boholbesttours.com\/sv\/\">http:\/\/www.boholbesttours.com<\/a><\/p>\n<p><strong>Ditt samtycke<\/strong><\/p>\n<p>Genom att anv\u00e4nda v\u00e5r webbplats samtycker du till v\u00e5r integritetspolicy online.<\/p>\n<p><strong>\u00c4ndringar i v\u00e5r integritetspolicy<\/strong><\/p>\n<p>Om vi beslutar att \u00e4ndra v\u00e5r integritetspolicy kommer vi att l\u00e4gga upp \u00e4ndringarna p\u00e5 denna sida.<\/p>\n<p>Denna policy \u00e4ndrades senast den 22 juni 2009<\/p>\n<p><strong>Kontakta oss<\/strong><\/p>\n<p>Om du har n\u00e5gra fr\u00e5gor om denna integritetspolicy kan du kontakta oss med hj\u00e4lp av informationen nedan.<\/p>\n<p><strong><a href=\"https:\/\/www.boholbesttours.com\/sv\/\">Bohol B\u00e4sta turer<\/a><\/strong><br \/>\n<em>Carlos P. Garcia Avenue<\/em><br \/>\n<em>Tagbilaran City, Bohol 6300<\/em><br \/>\n<em>Filippinerna<\/em><\/p>","protected":false},"excerpt":{"rendered":"<p>Vilken information samlar vi in? Vi samlar in information fr\u00e5n dig n\u00e4r du g\u00f6r en best\u00e4llning eller fyller i ett formul\u00e4r. [...]<\/p>","protected":false},"author":1,"featured_media":0,"parent":0,"menu_order":0,"comment_status":"closed","ping_status":"open","template":"","meta":{"footnotes":""},"class_list":["post-3","page","type-page","status-publish","hentry"],"yoast_head":"<!-- This site is optimized with the Yoast SEO plugin v25.0 - https:\/\/yoast.com\/wordpress\/plugins\/seo\/ -->\n<title>Privacy Policy - Bohol Best Tours<\/title>\n<meta name=\"robots\" content=\"index, follow, max-snippet:-1, max-image-preview:large, max-video-preview:-1\" \/>\n<link rel=\"canonical\" href=\"https:\/\/www.boholbesttours.com\/sv\/integritetspolicy\/\" \/>\n<meta property=\"og:locale\" content=\"sv_SE\" \/>\n<meta property=\"og:type\" content=\"article\" \/>\n<meta property=\"og:title\" content=\"Privacy Policy - Bohol Best Tours\" \/>\n<meta property=\"og:description\" content=\"What information do we collect? We collect information from you when you place an order or fill out a form.&nbsp;[&hellip;]\" \/>\n<meta property=\"og:url\" content=\"https:\/\/www.boholbesttours.com\/sv\/integritetspolicy\/\" \/>\n<meta property=\"og:site_name\" content=\"Bohol Best Tours\" \/>\n<meta property=\"article:publisher\" content=\"https:\/\/www.facebook.com\/people\/Bohol-Best-Tours\/100063724249138\/\" \/>\n<meta property=\"article:modified_time\" content=\"2025-05-05T08:07:06+00:00\" \/>\n<meta name=\"twitter:card\" content=\"summary_large_image\" \/>\n<meta name=\"twitter:label1\" content=\"Ber\u00e4knad l\u00e4stid\" \/>\n\t<meta name=\"twitter:data1\" content=\"3 minuter\" \/>\n<script type=\"application\/ld+json\" class=\"yoast-schema-graph\">{\"@context\":\"https:\/\/schema.org\",\"@graph\":[{\"@type\":\"WebPage\",\"@id\":\"https:\/\/www.boholbesttours.com\/privacy-policy\/\",\"url\":\"https:\/\/www.boholbesttours.com\/privacy-policy\/\",\"name\":\"Privacy Policy - Bohol Best Tours\",\"isPartOf\":{\"@id\":\"https:\/\/www.boholbesttours.com\/#website\"},\"datePublished\":\"2025-05-04T17:45:39+00:00\",\"dateModified\":\"2025-05-05T08:07:06+00:00\",\"breadcrumb\":{\"@id\":\"https:\/\/www.boholbesttours.com\/privacy-policy\/#breadcrumb\"},\"inLanguage\":\"sv-SE\",\"potentialAction\":[{\"@type\":\"ReadAction\",\"target\":[\"https:\/\/www.boholbesttours.com\/privacy-policy\/\"]}]},{\"@type\":\"BreadcrumbList\",\"@id\":\"https:\/\/www.boholbesttours.com\/privacy-policy\/#breadcrumb\",\"itemListElement\":[{\"@type\":\"ListItem\",\"position\":1,\"name\":\"Home\",\"item\":\"https:\/\/www.boholbesttours.com\/\"},{\"@type\":\"ListItem\",\"position\":2,\"name\":\"Privacy Policy\"}]},{\"@type\":\"WebSite\",\"@id\":\"https:\/\/www.boholbesttours.com\/#website\",\"url\":\"https:\/\/www.boholbesttours.com\/\",\"name\":\"Bohol Best Tours\",\"description\":\"\",\"publisher\":{\"@id\":\"https:\/\/www.boholbesttours.com\/#organization\"},\"potentialAction\":[{\"@type\":\"SearchAction\",\"target\":{\"@type\":\"EntryPoint\",\"urlTemplate\":\"https:\/\/www.boholbesttours.com\/?s={search_term_string}\"},\"query-input\":{\"@type\":\"PropertyValueSpecification\",\"valueRequired\":true,\"valueName\":\"search_term_string\"}}],\"inLanguage\":\"sv-SE\"},{\"@type\":\"Organization\",\"@id\":\"https:\/\/www.boholbesttours.com\/#organization\",\"name\":\"Bohol Best Tours\",\"url\":\"https:\/\/www.boholbesttours.com\/\",\"logo\":{\"@type\":\"ImageObject\",\"inLanguage\":\"sv-SE\",\"@id\":\"https:\/\/www.boholbesttours.com\/#\/schema\/logo\/image\/\",\"url\":\"https:\/\/www.boholbesttours.com\/wp-content\/uploads\/2025\/05\/bh.png\",\"contentUrl\":\"https:\/\/www.boholbesttours.com\/wp-content\/uploads\/2025\/05\/bh.png\",\"width\":600,\"height\":600,\"caption\":\"Bohol Best Tours\"},\"image\":{\"@id\":\"https:\/\/www.boholbesttours.com\/#\/schema\/logo\/image\/\"},\"sameAs\":[\"https:\/\/www.facebook.com\/people\/Bohol-Best-Tours\/100063724249138\/\"]}]}<\/script>\n<!-- \/ Yoast SEO plugin. -->","yoast_head_json":{"title":"Privacy Policy - Bohol Best Tours","robots":{"index":"index","follow":"follow","max-snippet":"max-snippet:-1","max-image-preview":"max-image-preview:large","max-video-preview":"max-video-preview:-1"},"canonical":"https:\/\/www.boholbesttours.com\/sv\/integritetspolicy\/","og_locale":"sv_SE","og_type":"article","og_title":"Privacy Policy - Bohol Best Tours","og_description":"What information do we collect? We collect information from you when you place an order or fill out a form.&nbsp;[&hellip;]","og_url":"https:\/\/www.boholbesttours.com\/sv\/integritetspolicy\/","og_site_name":"Bohol Best Tours","article_publisher":"https:\/\/www.facebook.com\/people\/Bohol-Best-Tours\/100063724249138\/","article_modified_time":"2025-05-05T08:07:06+00:00","twitter_card":"summary_large_image","twitter_misc":{"Ber\u00e4knad l\u00e4stid":"3 minuter"},"schema":{"@context":"https:\/\/schema.org","@graph":[{"@type":"WebPage","@id":"https:\/\/www.boholbesttours.com\/privacy-policy\/","url":"https:\/\/www.boholbesttours.com\/privacy-policy\/","name":"Privacy Policy - Bohol Best Tours","isPartOf":{"@id":"https:\/\/www.boholbesttours.com\/#website"},"datePublished":"2025-05-04T17:45:39+00:00","dateModified":"2025-05-05T08:07:06+00:00","breadcrumb":{"@id":"https:\/\/www.boholbesttours.com\/privacy-policy\/#breadcrumb"},"inLanguage":"sv-SE","potentialAction":[{"@type":"ReadAction","target":["https:\/\/www.boholbesttours.com\/privacy-policy\/"]}]},{"@type":"BreadcrumbList","@id":"https:\/\/www.boholbesttours.com\/privacy-policy\/#breadcrumb","itemListElement":[{"@type":"ListItem","position":1,"name":"Home","item":"https:\/\/www.boholbesttours.com\/"},{"@type":"ListItem","position":2,"name":"Privacy Policy"}]},{"@type":"WebSite","@id":"https:\/\/www.boholbesttours.com\/#website","url":"https:\/\/www.boholbesttours.com\/","name":"Bohol Best Tours","description":"","publisher":{"@id":"https:\/\/www.boholbesttours.com\/#organization"},"potentialAction":[{"@type":"SearchAction","target":{"@type":"EntryPoint","urlTemplate":"https:\/\/www.boholbesttours.com\/?s={search_term_string}"},"query-input":{"@type":"PropertyValueSpecification","valueRequired":true,"valueName":"search_term_string"}}],"inLanguage":"sv-SE"},{"@type":"Organization","@id":"https:\/\/www.boholbesttours.com\/#organization","name":"Bohol Best Tours","url":"https:\/\/www.boholbesttours.com\/","logo":{"@type":"ImageObject","inLanguage":"sv-SE","@id":"https:\/\/www.boholbesttours.com\/#\/schema\/logo\/image\/","url":"https:\/\/www.boholbesttours.com\/wp-content\/uploads\/2025\/05\/bh.png","contentUrl":"https:\/\/www.boholbesttours.com\/wp-content\/uploads\/2025\/05\/bh.png","width":600,"height":600,"caption":"Bohol Best Tours"},"image":{"@id":"https:\/\/www.boholbesttours.com\/#\/schema\/logo\/image\/"},"sameAs":["https:\/\/www.facebook.com\/people\/Bohol-Best-Tours\/100063724249138\/"]}]}},"_links":{"self":[{"href":"https:\/\/www.boholbesttours.com\/sv\/wp-json\/wp\/v2\/pages\/3","targetHints":{"allow":["GET"]}}],"collection":[{"href":"https:\/\/www.boholbesttours.com\/sv\/wp-json\/wp\/v2\/pages"}],"about":[{"href":"https:\/\/www.boholbesttours.com\/sv\/wp-json\/wp\/v2\/types\/page"}],"author":[{"embeddable":true,"href":"https:\/\/www.boholbesttours.com\/sv\/wp-json\/wp\/v2\/users\/1"}],"replies":[{"embeddable":true,"href":"https:\/\/www.boholbesttours.com\/sv\/wp-json\/wp\/v2\/comments?post=3"}],"version-history":[{"count":2,"href":"https:\/\/www.boholbesttours.com\/sv\/wp-json\/wp\/v2\/pages\/3\/revisions"}],"predecessor-version":[{"id":45,"href":"https:\/\/www.boholbesttours.com\/sv\/wp-json\/wp\/v2\/pages\/3\/revisions\/45"}],"wp:attachment":[{"href":"https:\/\/www.boholbesttours.com\/sv\/wp-json\/wp\/v2\/media?parent=3"}],"curies":[{"name":"wp","href":"https:\/\/api.w.org\/{rel}","templated":true}]}}