{"id":3,"date":"2025-05-04T17:45:39","date_gmt":"2025-05-04T17:45:39","guid":{"rendered":"https:\/\/www.boholbesttours.com\/?page_id=3"},"modified":"2025-05-05T08:07:06","modified_gmt":"2025-05-05T08:07:06","slug":"privacy-policy","status":"publish","type":"page","link":"https:\/\/www.boholbesttours.com\/fr\/politique-de-confidentialite\/","title":{"rendered":"Politique de confidentialit\u00e9"},"content":{"rendered":"<p><strong>Quelles sont les informations que nous recueillons ?<\/strong><\/p>\n<p>Nous recueillons des informations aupr\u00e8s de vous lorsque vous passez une commande ou remplissez un formulaire.<\/p>\n<p>Lors d'une commande ou d'un enregistrement sur notre site, selon le cas, il peut vous \u00eatre demand\u00e9 de saisir votre : nom, adresse \u00e9lectronique ou num\u00e9ro de t\u00e9l\u00e9phone. Vous pouvez toutefois visiter notre site de mani\u00e8re anonyme.<\/p>\n<p><strong>\u00c0 quelles fins utilisons-nous vos informations ?<\/strong><\/p>\n<p>Les informations que nous recueillons aupr\u00e8s de vous peuvent \u00eatre utilis\u00e9es de l'une des mani\u00e8res suivantes :<\/p>\n<p>- Pour personnaliser votre exp\u00e9rience<br \/>\n(vos informations nous aident \u00e0 mieux r\u00e9pondre \u00e0 vos besoins individuels)<\/p>\n<p>- Am\u00e9liorer notre site web<br \/>\n(nous nous effor\u00e7ons continuellement d'am\u00e9liorer les offres de notre site web sur la base des informations et des commentaires que nous recevons de votre part)<\/p>\n<p>- Am\u00e9liorer le service \u00e0 la client\u00e8le<br \/>\n(vos informations nous aident \u00e0 r\u00e9pondre plus efficacement \u00e0 vos demandes de service \u00e0 la client\u00e8le et \u00e0 vos besoins d'assistance)<\/p>\n<p>- Traiter les transactions<\/p>\n<blockquote><p>Vos informations, qu'elles soient publiques ou priv\u00e9es, ne seront pas vendues, \u00e9chang\u00e9es, transf\u00e9r\u00e9es ou donn\u00e9es \u00e0 une autre soci\u00e9t\u00e9 pour quelque raison que ce soit, sans votre consentement, sauf dans le but expr\u00e8s de fournir le produit achet\u00e9 ou le service demand\u00e9.<\/p><\/blockquote>\n<p>- pour g\u00e9rer un concours, une promotion, une enqu\u00eate ou une autre fonction du site<\/p>\n<p><strong>Comment prot\u00e9geons-nous vos informations ?<\/strong><\/p>\n<p>Nous mettons en \u0153uvre une s\u00e9rie de mesures de s\u00e9curit\u00e9 pour pr\u00e9server la s\u00e9curit\u00e9 de vos informations personnelles lorsque vous y acc\u00e9dez.<\/p>\n<p>Apr\u00e8s une transaction, vos informations priv\u00e9es (cartes de cr\u00e9dit, num\u00e9ros de s\u00e9curit\u00e9 sociale, donn\u00e9es financi\u00e8res, etc.<\/p>\n<p><strong>Utilisons-nous des cookies ?<\/strong><\/p>\n<p>Nous n'utilisons pas de cookies.<\/p>\n<p><strong>Divulguons-nous des informations \u00e0 des tiers ?<\/strong><\/p>\n<p>Nous ne vendons pas, n'\u00e9changeons pas et ne transf\u00e9rons pas de quelque mani\u00e8re que ce soit \u00e0 des tiers vos informations personnelles identifiables. Cela n'inclut pas les tiers de confiance qui nous aident \u00e0 exploiter notre site web, \u00e0 mener nos activit\u00e9s ou \u00e0 vous fournir des services, pour autant que ces parties acceptent de garder ces informations confidentielles. Nous pouvons \u00e9galement divulguer vos informations lorsque nous estimons qu'il est appropri\u00e9 de le faire pour respecter la loi, appliquer les politiques de notre site ou prot\u00e9ger nos droits, notre propri\u00e9t\u00e9 ou notre s\u00e9curit\u00e9, ainsi que ceux d'autres personnes. Toutefois, des informations non personnellement identifiables sur les visiteurs peuvent \u00eatre fournies \u00e0 d'autres parties \u00e0 des fins de marketing, de publicit\u00e9 ou autres.<\/p>\n<p><strong>Conformit\u00e9 \u00e0 la loi californienne sur la protection de la vie priv\u00e9e en ligne<\/strong><\/p>\n<p>Parce que nous attachons de l'importance \u00e0 votre vie priv\u00e9e, nous avons pris les pr\u00e9cautions n\u00e9cessaires pour nous conformer \u00e0 la loi californienne sur la protection de la vie priv\u00e9e en ligne (California Online Privacy Protection Act). Par cons\u00e9quent, nous ne communiquerons pas vos informations personnelles \u00e0 des tiers sans votre consentement.<\/p>\n<p><strong>Conformit\u00e9 \u00e0 la loi sur la protection de la vie priv\u00e9e des enfants en ligne<\/strong><\/p>\n<p>Nous respectons les exigences de la loi COPPA (Children Online Privacy Protection Act) et nous ne recueillons aucune information aupr\u00e8s de personnes \u00e2g\u00e9es de moins de 13 ans. Notre site web, nos produits et nos services s'adressent \u00e0 des personnes \u00e2g\u00e9es d'au moins 13 ans.<\/p>\n<p><strong>Politique de confidentialit\u00e9 en ligne uniquement<\/strong><\/p>\n<p>Cette politique de confidentialit\u00e9 en ligne ne s'applique qu'aux informations collect\u00e9es sur notre site web et non aux informations collect\u00e9es hors ligne.<\/p>\n<p><strong>Conditions g\u00e9n\u00e9rales d'utilisation<\/strong><\/p>\n<p>Veuillez \u00e9galement consulter notre section \"Conditions g\u00e9n\u00e9rales\" \u00e9tablissant l'utilisation, les clauses de non-responsabilit\u00e9 et les limitations de responsabilit\u00e9 r\u00e9gissant l'utilisation de notre site web \u00e0 l'adresse suivante\u00a0<a href=\"https:\/\/www.boholbesttours.com\/fr\/\">http:\/\/www.boholbesttours.com<\/a><\/p>\n<p><strong>Votre consentement<\/strong><\/p>\n<p>En utilisant notre site, vous acceptez notre politique de confidentialit\u00e9 en ligne.<\/p>\n<p><strong>Modifications de notre politique de confidentialit\u00e9<\/strong><\/p>\n<p>Si nous d\u00e9cidons de modifier notre politique de confidentialit\u00e9, nous publierons ces modifications sur cette page.<\/p>\n<p>Cette politique a \u00e9t\u00e9 modifi\u00e9e pour la derni\u00e8re fois le 22 juin 2009.<\/p>\n<p><strong>Nous contacter<\/strong><\/p>\n<p>Si vous avez des questions concernant cette politique de confidentialit\u00e9, vous pouvez nous contacter en utilisant les informations ci-dessous.<\/p>\n<p><strong><a href=\"https:\/\/www.boholbesttours.com\/fr\/\">Bohol Best Tours<\/a><\/strong><br \/>\n<em>Avenue Carlos P. Garcia<\/em><br \/>\n<em>Tagbilaran City, Bohol 6300<\/em><br \/>\n<em>Philippines<\/em><\/p>","protected":false},"excerpt":{"rendered":"<p>Quelles sont les informations que nous recueillons ? Nous recueillons des informations lorsque vous passez une commande ou remplissez un formulaire. [...]<\/p>","protected":false},"author":1,"featured_media":0,"parent":0,"menu_order":0,"comment_status":"closed","ping_status":"open","template":"","meta":{"footnotes":""},"class_list":["post-3","page","type-page","status-publish","hentry"],"yoast_head":"<!-- This site is optimized with the Yoast SEO plugin v25.0 - https:\/\/yoast.com\/wordpress\/plugins\/seo\/ -->\n<title>Privacy Policy - Bohol Best Tours<\/title>\n<meta name=\"robots\" content=\"index, follow, max-snippet:-1, max-image-preview:large, max-video-preview:-1\" \/>\n<link rel=\"canonical\" href=\"https:\/\/www.boholbesttours.com\/fr\/politique-de-confidentialite\/\" \/>\n<meta property=\"og:locale\" content=\"fr_FR\" \/>\n<meta property=\"og:type\" content=\"article\" \/>\n<meta property=\"og:title\" content=\"Privacy Policy - Bohol Best Tours\" \/>\n<meta property=\"og:description\" content=\"What information do we collect? We collect information from you when you place an order or fill out a form.&nbsp;[&hellip;]\" \/>\n<meta property=\"og:url\" content=\"https:\/\/www.boholbesttours.com\/fr\/politique-de-confidentialite\/\" \/>\n<meta property=\"og:site_name\" content=\"Bohol Best Tours\" \/>\n<meta property=\"article:publisher\" content=\"https:\/\/www.facebook.com\/people\/Bohol-Best-Tours\/100063724249138\/\" \/>\n<meta property=\"article:modified_time\" content=\"2025-05-05T08:07:06+00:00\" \/>\n<meta name=\"twitter:card\" content=\"summary_large_image\" \/>\n<meta name=\"twitter:label1\" content=\"Dur\u00e9e de lecture estim\u00e9e\" \/>\n\t<meta name=\"twitter:data1\" content=\"3 minutes\" \/>\n<script type=\"application\/ld+json\" class=\"yoast-schema-graph\">{\"@context\":\"https:\/\/schema.org\",\"@graph\":[{\"@type\":\"WebPage\",\"@id\":\"https:\/\/www.boholbesttours.com\/privacy-policy\/\",\"url\":\"https:\/\/www.boholbesttours.com\/privacy-policy\/\",\"name\":\"Privacy Policy - Bohol Best Tours\",\"isPartOf\":{\"@id\":\"https:\/\/www.boholbesttours.com\/#website\"},\"datePublished\":\"2025-05-04T17:45:39+00:00\",\"dateModified\":\"2025-05-05T08:07:06+00:00\",\"breadcrumb\":{\"@id\":\"https:\/\/www.boholbesttours.com\/privacy-policy\/#breadcrumb\"},\"inLanguage\":\"fr-FR\",\"potentialAction\":[{\"@type\":\"ReadAction\",\"target\":[\"https:\/\/www.boholbesttours.com\/privacy-policy\/\"]}]},{\"@type\":\"BreadcrumbList\",\"@id\":\"https:\/\/www.boholbesttours.com\/privacy-policy\/#breadcrumb\",\"itemListElement\":[{\"@type\":\"ListItem\",\"position\":1,\"name\":\"Home\",\"item\":\"https:\/\/www.boholbesttours.com\/\"},{\"@type\":\"ListItem\",\"position\":2,\"name\":\"Privacy Policy\"}]},{\"@type\":\"WebSite\",\"@id\":\"https:\/\/www.boholbesttours.com\/#website\",\"url\":\"https:\/\/www.boholbesttours.com\/\",\"name\":\"Bohol Best Tours\",\"description\":\"\",\"publisher\":{\"@id\":\"https:\/\/www.boholbesttours.com\/#organization\"},\"potentialAction\":[{\"@type\":\"SearchAction\",\"target\":{\"@type\":\"EntryPoint\",\"urlTemplate\":\"https:\/\/www.boholbesttours.com\/?s={search_term_string}\"},\"query-input\":{\"@type\":\"PropertyValueSpecification\",\"valueRequired\":true,\"valueName\":\"search_term_string\"}}],\"inLanguage\":\"fr-FR\"},{\"@type\":\"Organization\",\"@id\":\"https:\/\/www.boholbesttours.com\/#organization\",\"name\":\"Bohol Best Tours\",\"url\":\"https:\/\/www.boholbesttours.com\/\",\"logo\":{\"@type\":\"ImageObject\",\"inLanguage\":\"fr-FR\",\"@id\":\"https:\/\/www.boholbesttours.com\/#\/schema\/logo\/image\/\",\"url\":\"https:\/\/www.boholbesttours.com\/wp-content\/uploads\/2025\/05\/bh.png\",\"contentUrl\":\"https:\/\/www.boholbesttours.com\/wp-content\/uploads\/2025\/05\/bh.png\",\"width\":600,\"height\":600,\"caption\":\"Bohol Best Tours\"},\"image\":{\"@id\":\"https:\/\/www.boholbesttours.com\/#\/schema\/logo\/image\/\"},\"sameAs\":[\"https:\/\/www.facebook.com\/people\/Bohol-Best-Tours\/100063724249138\/\"]}]}<\/script>\n<!-- \/ Yoast SEO plugin. -->","yoast_head_json":{"title":"Privacy Policy - Bohol Best Tours","robots":{"index":"index","follow":"follow","max-snippet":"max-snippet:-1","max-image-preview":"max-image-preview:large","max-video-preview":"max-video-preview:-1"},"canonical":"https:\/\/www.boholbesttours.com\/fr\/politique-de-confidentialite\/","og_locale":"fr_FR","og_type":"article","og_title":"Privacy Policy - Bohol Best Tours","og_description":"What information do we collect? We collect information from you when you place an order or fill out a form.&nbsp;[&hellip;]","og_url":"https:\/\/www.boholbesttours.com\/fr\/politique-de-confidentialite\/","og_site_name":"Bohol Best Tours","article_publisher":"https:\/\/www.facebook.com\/people\/Bohol-Best-Tours\/100063724249138\/","article_modified_time":"2025-05-05T08:07:06+00:00","twitter_card":"summary_large_image","twitter_misc":{"Dur\u00e9e de lecture estim\u00e9e":"3 minutes"},"schema":{"@context":"https:\/\/schema.org","@graph":[{"@type":"WebPage","@id":"https:\/\/www.boholbesttours.com\/privacy-policy\/","url":"https:\/\/www.boholbesttours.com\/privacy-policy\/","name":"Privacy Policy - Bohol Best Tours","isPartOf":{"@id":"https:\/\/www.boholbesttours.com\/#website"},"datePublished":"2025-05-04T17:45:39+00:00","dateModified":"2025-05-05T08:07:06+00:00","breadcrumb":{"@id":"https:\/\/www.boholbesttours.com\/privacy-policy\/#breadcrumb"},"inLanguage":"fr-FR","potentialAction":[{"@type":"ReadAction","target":["https:\/\/www.boholbesttours.com\/privacy-policy\/"]}]},{"@type":"BreadcrumbList","@id":"https:\/\/www.boholbesttours.com\/privacy-policy\/#breadcrumb","itemListElement":[{"@type":"ListItem","position":1,"name":"Home","item":"https:\/\/www.boholbesttours.com\/"},{"@type":"ListItem","position":2,"name":"Privacy Policy"}]},{"@type":"WebSite","@id":"https:\/\/www.boholbesttours.com\/#website","url":"https:\/\/www.boholbesttours.com\/","name":"Bohol Best Tours","description":"","publisher":{"@id":"https:\/\/www.boholbesttours.com\/#organization"},"potentialAction":[{"@type":"SearchAction","target":{"@type":"EntryPoint","urlTemplate":"https:\/\/www.boholbesttours.com\/?s={search_term_string}"},"query-input":{"@type":"PropertyValueSpecification","valueRequired":true,"valueName":"search_term_string"}}],"inLanguage":"fr-FR"},{"@type":"Organization","@id":"https:\/\/www.boholbesttours.com\/#organization","name":"Bohol Best Tours","url":"https:\/\/www.boholbesttours.com\/","logo":{"@type":"ImageObject","inLanguage":"fr-FR","@id":"https:\/\/www.boholbesttours.com\/#\/schema\/logo\/image\/","url":"https:\/\/www.boholbesttours.com\/wp-content\/uploads\/2025\/05\/bh.png","contentUrl":"https:\/\/www.boholbesttours.com\/wp-content\/uploads\/2025\/05\/bh.png","width":600,"height":600,"caption":"Bohol Best Tours"},"image":{"@id":"https:\/\/www.boholbesttours.com\/#\/schema\/logo\/image\/"},"sameAs":["https:\/\/www.facebook.com\/people\/Bohol-Best-Tours\/100063724249138\/"]}]}},"_links":{"self":[{"href":"https:\/\/www.boholbesttours.com\/fr\/wp-json\/wp\/v2\/pages\/3","targetHints":{"allow":["GET"]}}],"collection":[{"href":"https:\/\/www.boholbesttours.com\/fr\/wp-json\/wp\/v2\/pages"}],"about":[{"href":"https:\/\/www.boholbesttours.com\/fr\/wp-json\/wp\/v2\/types\/page"}],"author":[{"embeddable":true,"href":"https:\/\/www.boholbesttours.com\/fr\/wp-json\/wp\/v2\/users\/1"}],"replies":[{"embeddable":true,"href":"https:\/\/www.boholbesttours.com\/fr\/wp-json\/wp\/v2\/comments?post=3"}],"version-history":[{"count":2,"href":"https:\/\/www.boholbesttours.com\/fr\/wp-json\/wp\/v2\/pages\/3\/revisions"}],"predecessor-version":[{"id":45,"href":"https:\/\/www.boholbesttours.com\/fr\/wp-json\/wp\/v2\/pages\/3\/revisions\/45"}],"wp:attachment":[{"href":"https:\/\/www.boholbesttours.com\/fr\/wp-json\/wp\/v2\/media?parent=3"}],"curies":[{"name":"wp","href":"https:\/\/api.w.org\/{rel}","templated":true}]}}